{"id":2840,"date":"2021-04-02T22:00:10","date_gmt":"2021-04-02T20:00:10","guid":{"rendered":"https:\/\/santesafran.fr\/produit\/immuno-vitalite-immuno-vitalitaet\/"},"modified":"2025-09-16T22:28:48","modified_gmt":"2025-09-16T20:28:48","slug":"immuno-vitalite-immuno-vitalitaet","status":"publish","type":"product","link":"https:\/\/test.santesafran.fr\/de\/produkte\/immuno-vitalite-immuno-vitalitaet\/","title":{"rendered":"Immuno-vitalit\u00e9 (immuno-vitalit\u00e4t)"},"content":{"rendered":"<p><strong>60 Kapseln<\/strong> von 365 mg<\/p>\n<p><strong>Zutaten f\u00fcr 2 Kapseln<\/strong><\/p>\n<ul>\n<li>Roter Ginseng Bio 160 mg<\/li>\n<li>Gelee Royale Bio 160 mg<\/li>\n<li>Safranstempel Bio zerkleinert 10 mg<\/li>\n<li>Spirulina Bio 200 mg<\/li>\n<li>Camu Camu bio 40 mg<\/li>\n<li>Organisches Curcuma 160 mg<\/li>\n<\/ul>\n<p><strong>Hinweise zur Verwendung<br \/>\n<\/strong>Zum Fr\u00fchst\u00fcck 2 Kapseln einnehmen<br \/>\nNicht f\u00fcr schwangere und stillende Frauen empfohlen, da Safran vorhanden ist. F\u00fcr sie entwarf Sant\u00e9Safran MATERNIAS<\/p>\n","protected":false},"excerpt":{"rendered":"<p><strong>Immuno-Vitalit\u00e4t<\/strong> ist das revitalisierende &#8222;Alles in Einem&#8220;. Es enth\u00e4lt 6 nat\u00fcrliche und edle Inhaltsstoffe mit au\u00dfergew\u00f6hnlich stimulierender Immunit\u00e4t und allgemeiner Vitalit\u00e4t. Durch seine gro\u00dfz\u00fcgige Formel tr\u00e4gt es zur wirksamen Unterst\u00fctzung des K\u00f6rpers bei Genesung, gro\u00dfer M\u00fcdigkeit und gro\u00dfen Stressphasen bei. Es hilft auch bei Wechseljahrsbeschwerden und Erkrankungen der Andropause.<\/p>\n","protected":false},"featured_media":1547,"comment_status":"open","ping_status":"closed","template":"","meta":{"_kad_post_transparent":"","_kad_post_title":"","_kad_post_layout":"","_kad_post_sidebar_id":"","_kad_post_content_style":"","_kad_post_vertical_padding":"","_kad_post_feature":"","_kad_post_feature_position":"","_kad_post_header":false,"_kad_post_footer":false,"_kad_post_classname":""},"product_brand":[],"product_cat":[110,121],"product_tag":[],"class_list":{"0":"post-2840","1":"product","2":"type-product","3":"status-publish","4":"has-post-thumbnail","6":"product_cat-kapseln","7":"product_cat-vitalitat-immunsystem","9":"first","10":"instock","11":"taxable","12":"shipping-taxable","13":"purchasable","14":"product-type-simple","15":"entry","16":"content-bg","17":"loop-entry"},"_links":{"self":[{"href":"https:\/\/test.santesafran.fr\/de\/wp-json\/wp\/v2\/product\/2840","targetHints":{"allow":["GET"]}}],"collection":[{"href":"https:\/\/test.santesafran.fr\/de\/wp-json\/wp\/v2\/product"}],"about":[{"href":"https:\/\/test.santesafran.fr\/de\/wp-json\/wp\/v2\/types\/product"}],"replies":[{"embeddable":true,"href":"https:\/\/test.santesafran.fr\/de\/wp-json\/wp\/v2\/comments?post=2840"}],"wp:featuredmedia":[{"embeddable":true,"href":"https:\/\/test.santesafran.fr\/de\/wp-json\/wp\/v2\/media\/1547"}],"wp:attachment":[{"href":"https:\/\/test.santesafran.fr\/de\/wp-json\/wp\/v2\/media?parent=2840"}],"wp:term":[{"taxonomy":"product_brand","embeddable":true,"href":"https:\/\/test.santesafran.fr\/de\/wp-json\/wp\/v2\/product_brand?post=2840"},{"taxonomy":"product_cat","embeddable":true,"href":"https:\/\/test.santesafran.fr\/de\/wp-json\/wp\/v2\/product_cat?post=2840"},{"taxonomy":"product_tag","embeddable":true,"href":"https:\/\/test.santesafran.fr\/de\/wp-json\/wp\/v2\/product_tag?post=2840"}],"curies":[{"name":"wp","href":"https:\/\/api.w.org\/{rel}","templated":true}]}}