{"id":2181,"date":"2025-07-23T14:39:55","date_gmt":"2025-07-23T12:39:55","guid":{"rendered":"https:\/\/santesafran.fr\/?post_type=product&#038;p=2181"},"modified":"2025-10-31T15:01:53","modified_gmt":"2025-10-31T14:01:53","slug":"junior-protect","status":"publish","type":"product","link":"https:\/\/test.santesafran.fr\/de\/produkte\/junior-protect\/","title":{"rendered":"Junior Protect"},"content":{"rendered":"<p><span style=\"font-weight: 400;\">JUNIOR PROTECT ist ein biologisches Nahrungserg\u00e4nzungsmittel, das speziell zur Unterst\u00fctzung des t\u00e4glichen Wohlbefindens von Kindern ab 8 Jahren (vor\u00fcbergehende M\u00fcdigkeit, jahreszeitlich bedingte Anf\u00e4lligkeit) entwickelt wurde.   <\/span><\/p>\n<p><span style=\"font-weight: 400;\">Die Zusammensetzung kombiniert drei au\u00dfergew\u00f6hnliche Inhaltsstoffe aus biologischem Anbau, die alle f\u00fcr ihre starke antioxidative und immunstimulierende Wirkung bekannt sind. :  <\/span><\/p>\n<ul>\n<li style=\"font-weight: 400;\" aria-level=\"1\"><span style=\"font-weight: 400;\">Die <\/span><b>Bio-Moringa<\/b><span style=\"font-weight: 400;\">Moringa ist reich an Vitaminen, Mineralien und Antioxidantien,<\/span><\/li>\n<li style=\"font-weight: 400;\" aria-level=\"1\"><span style=\"font-weight: 400;\">Die <\/span><b>Bio-Gelee Royale<\/b><span style=\"font-weight: 400;\">wird traditionell zur St\u00e4rkung der nat\u00fcrlichen Energie verwendet,<\/span><\/li>\n<li style=\"font-weight: 400;\" aria-level=\"1\"><span style=\"font-weight: 400;\">Und eine Mikrodosierung von <\/span><b>Safran<\/b><span style=\"font-weight: 400;\">f\u00fcr die J\u00fcngsten, um das emotionale Gleichgewicht und die nat\u00fcrliche Widerstandskraft zu unterst\u00fctzen.<\/span><\/li>\n<\/ul>\n<p>JUNIOR PROTECT ist ein einzigartiges Paket von Mineralien, Spurenelementen und Vitaminen.<\/p>\n<p>&nbsp;<\/p>\n<p><strong>30 Kapseln<\/strong> zu je 182,5 mg<\/p>\n<p>&nbsp;<\/p>\n<p><strong>Zutaten f\u00fcr 2 Kapseln<\/strong><\/p>\n<ul>\n<li>Moringa Bio: 100 mg<\/li>\n<li>Gefriergetrocknetes Gel\u00e9e Royale Bio: 75 mg<\/li>\n<li>Gemahlener franz\u00f6sischer Safran Bio: 2 mg<\/li>\n<li>\u00dcberzugsmittel: pflanzliche Kapsel<\/li>\n<\/ul>\n<p><strong>Conseil d&#8217;utilisation<\/strong><br \/>\n1 \u00e0 2 g\u00e9lules le matin au petit d\u00e9jeuner.<br \/>\nD\u00e9conseill\u00e9 aux femmes enceintes et allaitantes.<\/p>\n","protected":false},"excerpt":{"rendered":"<p>JUNIOR PROTECT ist ein biologisches Nahrungserg\u00e4nzungsmittel, das speziell zur Unterst\u00fctzung des t\u00e4glichen Wohlbefindens von Kindern ab 8 Jahren (vor\u00fcbergehende M\u00fcdigkeit, jahreszeitlich bedingte Anf\u00e4lligkeit) entwickelt wurde. Die Zusammensetzung kombiniert drei au\u00dfergew\u00f6hnliche Inhaltsstoffe aus biologischem Anbau, die alle f\u00fcr ihre starke antioxidative und immunstimulierende Wirkung bekannt sind. : Die Bio-MoringaMoringa ist reich an Vitaminen, Mineralien und Antioxidantien,&#8230;<\/p>\n","protected":false},"featured_media":1547,"comment_status":"open","ping_status":"closed","template":"","meta":{"_kad_post_transparent":"default","_kad_post_title":"","_kad_post_layout":"default","_kad_post_sidebar_id":"","_kad_post_content_style":"default","_kad_post_vertical_padding":"default","_kad_post_feature":"","_kad_post_feature_position":"","_kad_post_header":false,"_kad_post_footer":false,"_kad_post_classname":""},"product_brand":[],"product_cat":[115],"product_tag":[],"class_list":{"0":"post-2181","1":"product","2":"type-product","3":"status-publish","4":"has-post-thumbnail","6":"product_cat-gesundheitsvorteile","8":"first","9":"instock","10":"sale","11":"taxable","12":"shipping-taxable","13":"purchasable","14":"product-type-variable","15":"entry","16":"content-bg","17":"loop-entry"},"_links":{"self":[{"href":"https:\/\/test.santesafran.fr\/de\/wp-json\/wp\/v2\/product\/2181","targetHints":{"allow":["GET"]}}],"collection":[{"href":"https:\/\/test.santesafran.fr\/de\/wp-json\/wp\/v2\/product"}],"about":[{"href":"https:\/\/test.santesafran.fr\/de\/wp-json\/wp\/v2\/types\/product"}],"replies":[{"embeddable":true,"href":"https:\/\/test.santesafran.fr\/de\/wp-json\/wp\/v2\/comments?post=2181"}],"wp:featuredmedia":[{"embeddable":true,"href":"https:\/\/test.santesafran.fr\/de\/wp-json\/wp\/v2\/media\/1547"}],"wp:attachment":[{"href":"https:\/\/test.santesafran.fr\/de\/wp-json\/wp\/v2\/media?parent=2181"}],"wp:term":[{"taxonomy":"product_brand","embeddable":true,"href":"https:\/\/test.santesafran.fr\/de\/wp-json\/wp\/v2\/product_brand?post=2181"},{"taxonomy":"product_cat","embeddable":true,"href":"https:\/\/test.santesafran.fr\/de\/wp-json\/wp\/v2\/product_cat?post=2181"},{"taxonomy":"product_tag","embeddable":true,"href":"https:\/\/test.santesafran.fr\/de\/wp-json\/wp\/v2\/product_tag?post=2181"}],"curies":[{"name":"wp","href":"https:\/\/api.w.org\/{rel}","templated":true}]}}