{"id":1955,"date":"2021-04-02T22:04:08","date_gmt":"2021-04-02T20:04:08","guid":{"rendered":"https:\/\/santesafran.fr\/?post_type=product&#038;p=1955"},"modified":"2025-09-16T22:43:24","modified_gmt":"2025-09-16T20:43:24","slug":"saphrodias","status":"publish","type":"product","link":"https:\/\/test.santesafran.fr\/de\/produkte\/saphrodias\/","title":{"rendered":"Saphrodias"},"content":{"rendered":"<p>SAPHRODIAS hat durch seine spezielle Formel, bestehend aus zwei Pulvern aus zwei leistungsstarken Aphrodisiakum-Pflanzen, die Integrit\u00e4t von Maca und franz\u00f6sischen Safran-Stempeln bewahrt, um eine echte L\u00f6sung f\u00fcr die Unzul\u00e4nglichkeiten Ihres Intimlebens zu schaffen.<\/p>\n<p><strong>60 Kapseln<\/strong> von 435 mg<\/p>\n<p><strong>Zutaten f\u00fcr 2 Kapseln<\/strong><\/p>\n<ul>\n<li>Maca Bio: 850 mg<\/li>\n<li>Franz\u00f6sische Safran Bio: 20 mg<\/li>\n<\/ul>\n<p><strong>GESCHICHTE:<\/strong><\/p>\n<p>Safran war einst die wundersame Zutat, um die Libido aufzupeppen.<br \/>\nBei den R\u00f6mern diente Safran als Viagra. Der Kaiser N\u00e9ron hatte mit einer extravaganten Libido die Stra\u00dfen Roms mit Safran bedeckt, obwohl er damals schon enorm teuer war.<br \/>\nDer Philosoph &#8222;Phine the Elder&#8220; habe es gefunden, er sei geeignet, die Liebe zu erregen.<\/p>\n<p>SAPHRODIAS bringt Ihnen in den 2 Kapseln t\u00e4glich die Rohkraft von 20 mg, nicht aus Extrakt, sondern aus reinen Stempeln aus zerkleinertem Safran bio, wo sich alle 150 Wirkstoffe mit der Kraft des Maca verbinden, um Kraft und Gesundheit zu f\u00f6rdern intim.<\/p>\n<p><strong>HINWEISE ZUR VERWENDUNG:<\/strong><\/p>\n<p>2 Kapseln morgens zum Fr\u00fchst\u00fcck f\u00fcr 1 Monat und bei Bedarf zu erneuern<\/p>\n<p>Nicht f\u00fcr schwangere und stillende Frauen empfohlen, da Safran vorhanden ist. F\u00fcr sie entwarf Sant\u00e9Safran MATERNIAS<\/p>\n","protected":false},"excerpt":{"rendered":"<p style=\"text-align: center;\"><strong>&#8222;Safran Liebe! \u00a0\u00a0\u00a0\u00a0\u00a0<\/strong><br \/>\n<strong>Du hast meine Seele bejubelt und meine M\u00e4nnlichkeit gestrafft. \u00a0\u00a0<\/strong><br \/>\n<strong>Aus dem dunklen Abgrund haben Sie mich geschleift und Sie best\u00e4tigen meinen Schritt\u00a0\u00bb<\/strong><\/p>\n<p>SAPHRODIAS hat durch seine spezielle Formel, bestehend aus zwei Pulvern aus zwei leistungsstarken Aphrodisiakum-Pflanzen, die Integrit\u00e4t von Maca und franz\u00f6sischen Safran-Stempeln bewahrt, um eine echte L\u00f6sung f\u00fcr die Unzul\u00e4nglichkeiten Ihres Intimlebens zu schaffen.<\/p>\n","protected":false},"featured_media":1672,"comment_status":"open","ping_status":"closed","template":"","meta":{"_kad_post_transparent":"default","_kad_post_title":"","_kad_post_layout":"default","_kad_post_sidebar_id":"","_kad_post_content_style":"default","_kad_post_vertical_padding":"default","_kad_post_feature":"","_kad_post_feature_position":"","_kad_post_header":false,"_kad_post_footer":false,"_kad_post_classname":""},"product_brand":[],"product_cat":[109,110,108],"product_tag":[],"class_list":{"0":"post-1955","1":"product","2":"type-product","3":"status-publish","4":"has-post-thumbnail","6":"product_cat-intimes-wohlbefinden","7":"product_cat-kapseln","8":"product_cat-mentales-gleichgewicht-fokus","10":"first","11":"instock","12":"taxable","13":"shipping-taxable","14":"purchasable","15":"product-type-simple","16":"entry","17":"content-bg","18":"loop-entry"},"_links":{"self":[{"href":"https:\/\/test.santesafran.fr\/de\/wp-json\/wp\/v2\/product\/1955","targetHints":{"allow":["GET"]}}],"collection":[{"href":"https:\/\/test.santesafran.fr\/de\/wp-json\/wp\/v2\/product"}],"about":[{"href":"https:\/\/test.santesafran.fr\/de\/wp-json\/wp\/v2\/types\/product"}],"replies":[{"embeddable":true,"href":"https:\/\/test.santesafran.fr\/de\/wp-json\/wp\/v2\/comments?post=1955"}],"wp:featuredmedia":[{"embeddable":true,"href":"https:\/\/test.santesafran.fr\/de\/wp-json\/wp\/v2\/media\/1672"}],"wp:attachment":[{"href":"https:\/\/test.santesafran.fr\/de\/wp-json\/wp\/v2\/media?parent=1955"}],"wp:term":[{"taxonomy":"product_brand","embeddable":true,"href":"https:\/\/test.santesafran.fr\/de\/wp-json\/wp\/v2\/product_brand?post=1955"},{"taxonomy":"product_cat","embeddable":true,"href":"https:\/\/test.santesafran.fr\/de\/wp-json\/wp\/v2\/product_cat?post=1955"},{"taxonomy":"product_tag","embeddable":true,"href":"https:\/\/test.santesafran.fr\/de\/wp-json\/wp\/v2\/product_tag?post=1955"}],"curies":[{"name":"wp","href":"https:\/\/api.w.org\/{rel}","templated":true}]}}