{"id":1441,"date":"2018-11-22T15:43:04","date_gmt":"2018-11-22T14:43:04","guid":{"rendered":"https:\/\/santesafran.fr\/produit\/maternias\/"},"modified":"2025-09-16T22:17:13","modified_gmt":"2025-09-16T20:17:13","slug":"maternias","status":"publish","type":"product","link":"https:\/\/test.santesafran.fr\/de\/produkte\/maternias\/","title":{"rendered":"Maternias"},"content":{"rendered":"<p><strong>60 Kapseln<\/strong> von 395 mg<\/p>\n<p><strong>Zutaten f\u00fcr 2 Kapseln <\/strong><\/p>\n<ul>\n<li>K\u00f6nigliche Gelees Bio 160 mg<\/li>\n<li>Spirulina Bio 400 mg<\/li>\n<li>Ingwer Bio 200 mg<\/li>\n<li>Camu camu Bio 40 mg<\/li>\n<li>Beschichtung: vegetarische Kapsel<\/li>\n<\/ul>\n<p>Spirulina und K\u00f6nigliche Gelees von Sant\u00e9Safran tragen zur St\u00e4rkung der Vitalit\u00e4t und Immunit\u00e4t des m\u00fctterlichen K\u00f6rpers bei, indem sie Eisen, viele Vitamine, einschlie\u00dflich B9 oder Fols\u00e4ure, zur Verf\u00fcgung stellen, die f\u00fcr eine ordnungsgem\u00e4\u00dfe f\u00f6tale Entwicklung unerl\u00e4sslich sind.<\/p>\n<p>Der Ingwer in MATERNIAS hilft, die Verdauungsst\u00f6rungen der schwangeren Frau, insbesondere die sehr h\u00e4ufige \u00dcbelkeit, w\u00e4hrend des ersten Schwangerschaftstrimesters zu mildern.<\/p>\n<p>Camu Camu ist eine kleine Frucht Amazoniens, die f\u00fcr ihren hohen Gehalt an Vitamin C und Antioxidantien bekannt ist. Er hat auch die ber\u00fchmte Acerola herabgestuft.<\/p>\n<p>In den Maternien hilft es, die nat\u00fcrlichen Abwehrkr\u00e4fte von Frauen zu st\u00e4rken.<\/p>\n<p><strong>Hinweise zur Verwendung<\/strong><\/p>\n<p>Zum Fr\u00fchst\u00fcck 2 Kapseln einnehmen.<\/p>\n<p>Nicht f\u00fcr schwangere und stillende Frauen empfohlen, da Safran vorhanden ist. F\u00fcr sie entwarf Sant\u00e9Safran <strong>MATERNIAS<\/strong>.<\/p>\n","protected":false},"excerpt":{"rendered":"<p><strong>MATERNIAS<\/strong> ist ein hochwertiges Produkt, das die Ern\u00e4hrung der Frau w\u00e4hrend der gesamten Schwangerschaft optimieren soll. Es ist ein echtes Konzentrat aus edlen und nat\u00fcrlichen Inhaltsstoffen, das kleine Schwangerschaftsschmerzen lindert und zum Wohlbefinden der Mutter und der harmonischen Entwicklung des F\u00f6tus beitr\u00e4gt.<\/p>\n<h4><\/h4>\n<p>&nbsp;<\/p>\n","protected":false},"featured_media":1785,"comment_status":"open","ping_status":"closed","template":"","meta":{"_kad_post_transparent":"","_kad_post_title":"","_kad_post_layout":"","_kad_post_sidebar_id":"","_kad_post_content_style":"","_kad_post_vertical_padding":"","_kad_post_feature":"","_kad_post_feature_position":"","_kad_post_header":false,"_kad_post_footer":false,"_kad_post_classname":""},"product_brand":[],"product_cat":[110,117],"product_tag":[],"class_list":{"0":"post-1441","1":"product","2":"type-product","3":"status-publish","4":"has-post-thumbnail","6":"product_cat-kapseln","7":"product_cat-schwangerschaft-mutterschaft","9":"first","10":"instock","11":"taxable","12":"shipping-taxable","13":"purchasable","14":"product-type-simple","15":"entry","16":"content-bg","17":"loop-entry"},"_links":{"self":[{"href":"https:\/\/test.santesafran.fr\/de\/wp-json\/wp\/v2\/product\/1441","targetHints":{"allow":["GET"]}}],"collection":[{"href":"https:\/\/test.santesafran.fr\/de\/wp-json\/wp\/v2\/product"}],"about":[{"href":"https:\/\/test.santesafran.fr\/de\/wp-json\/wp\/v2\/types\/product"}],"replies":[{"embeddable":true,"href":"https:\/\/test.santesafran.fr\/de\/wp-json\/wp\/v2\/comments?post=1441"}],"wp:featuredmedia":[{"embeddable":true,"href":"https:\/\/test.santesafran.fr\/de\/wp-json\/wp\/v2\/media\/1785"}],"wp:attachment":[{"href":"https:\/\/test.santesafran.fr\/de\/wp-json\/wp\/v2\/media?parent=1441"}],"wp:term":[{"taxonomy":"product_brand","embeddable":true,"href":"https:\/\/test.santesafran.fr\/de\/wp-json\/wp\/v2\/product_brand?post=1441"},{"taxonomy":"product_cat","embeddable":true,"href":"https:\/\/test.santesafran.fr\/de\/wp-json\/wp\/v2\/product_cat?post=1441"},{"taxonomy":"product_tag","embeddable":true,"href":"https:\/\/test.santesafran.fr\/de\/wp-json\/wp\/v2\/product_tag?post=1441"}],"curies":[{"name":"wp","href":"https:\/\/api.w.org\/{rel}","templated":true}]}}