{"id":1437,"date":"2018-11-22T15:36:39","date_gmt":"2018-11-22T14:36:39","guid":{"rendered":"https:\/\/santesafran.fr\/produit\/jambes-lourdes-schwere-beine\/"},"modified":"2025-09-16T22:03:10","modified_gmt":"2025-09-16T20:03:10","slug":"jambes-lourdes-schwere-beine","status":"publish","type":"product","link":"https:\/\/test.santesafran.fr\/de\/produkte\/jambes-lourdes-schwere-beine\/","title":{"rendered":"Jambes lourdes (Schwere Beine)"},"content":{"rendered":"<p><strong>60 Kapseln<\/strong> von 303 mg<\/p>\n<p><strong>Zutaten f\u00fcr 2 Kapseln<\/strong><\/p>\n<ul>\n<li>Ginkgo Biloba Bio : 75 mg<\/li>\n<li>Hamamelis Bio : 150 mg<\/li>\n<li>Rote Rebe Bio : 75 mg<\/li>\n<li>Franz\u00f6sischer Safran Bio : 3,33 mg<\/li>\n<li>\u00dcberzugsmittel: Gem\u00fcsekapsel<\/li>\n<\/ul>\n<p><strong>Hinweise zur Verwendung<\/strong><\/p>\n<p>2 Kapseln morgens zum Fr\u00fchst\u00fcck.<br \/>\nNicht f\u00fcr schwangere und stillende Frauen empfohlen, da Safran vorhanden ist. F\u00fcr sie entwarf Sant\u00e9Safran <strong>MATERNIAS<\/strong><\/p>\n","protected":false},"excerpt":{"rendered":"<p><strong>JAMBES LOURDES (SCHWERE BEINE)<\/strong> von Sant\u00e9Safran enth\u00e4lt vier wesentliche Inhaltsstoffe, deren gemeinsame Wirkung ein wahres Jugendelixier f\u00fcr schmerzende und schwere Beine ist. Seine Safranformel hilft insbesondere bei der fortschreitenden Reinigung von Blut und Lymphe, einem wichtigen Parameter der Durchblutung der Beine.<\/p>\n","protected":false},"featured_media":1550,"comment_status":"open","ping_status":"closed","template":"","meta":{"_kad_post_transparent":"","_kad_post_title":"","_kad_post_layout":"","_kad_post_sidebar_id":"","_kad_post_content_style":"","_kad_post_vertical_padding":"","_kad_post_feature":"","_kad_post_feature_position":"","_kad_post_header":false,"_kad_post_footer":false,"_kad_post_classname":""},"product_brand":[],"product_cat":[119,110],"product_tag":[],"class_list":{"0":"post-1437","1":"product","2":"type-product","3":"status-publish","4":"has-post-thumbnail","6":"product_cat-beweglichkeit-durchblutung","7":"product_cat-kapseln","9":"first","10":"instock","11":"taxable","12":"shipping-taxable","13":"purchasable","14":"product-type-simple","15":"entry","16":"content-bg","17":"loop-entry"},"_links":{"self":[{"href":"https:\/\/test.santesafran.fr\/de\/wp-json\/wp\/v2\/product\/1437","targetHints":{"allow":["GET"]}}],"collection":[{"href":"https:\/\/test.santesafran.fr\/de\/wp-json\/wp\/v2\/product"}],"about":[{"href":"https:\/\/test.santesafran.fr\/de\/wp-json\/wp\/v2\/types\/product"}],"replies":[{"embeddable":true,"href":"https:\/\/test.santesafran.fr\/de\/wp-json\/wp\/v2\/comments?post=1437"}],"wp:featuredmedia":[{"embeddable":true,"href":"https:\/\/test.santesafran.fr\/de\/wp-json\/wp\/v2\/media\/1550"}],"wp:attachment":[{"href":"https:\/\/test.santesafran.fr\/de\/wp-json\/wp\/v2\/media?parent=1437"}],"wp:term":[{"taxonomy":"product_brand","embeddable":true,"href":"https:\/\/test.santesafran.fr\/de\/wp-json\/wp\/v2\/product_brand?post=1437"},{"taxonomy":"product_cat","embeddable":true,"href":"https:\/\/test.santesafran.fr\/de\/wp-json\/wp\/v2\/product_cat?post=1437"},{"taxonomy":"product_tag","embeddable":true,"href":"https:\/\/test.santesafran.fr\/de\/wp-json\/wp\/v2\/product_tag?post=1437"}],"curies":[{"name":"wp","href":"https:\/\/api.w.org\/{rel}","templated":true}]}}