{"id":1435,"date":"2018-11-22T15:31:39","date_gmt":"2018-11-22T14:31:39","guid":{"rendered":"https:\/\/santesafran.fr\/produit\/articulations-gelenke\/"},"modified":"2025-09-16T21:50:46","modified_gmt":"2025-09-16T19:50:46","slug":"articulations-gelenke","status":"publish","type":"product","link":"https:\/\/test.santesafran.fr\/de\/produkte\/articulations-gelenke\/","title":{"rendered":"Articulations +"},"content":{"rendered":"<p><strong>60 Kapseln<\/strong> von 403 mg<\/p>\n<p><strong>Zutaten f\u00fcr 2 Kapseln<\/strong><\/p>\n<ul>\n<li>Harpagophytum Bio : 500 mg<\/li>\n<li>Curcuma Bio : 150 mg<\/li>\n<li>Schachtelhalm Bio : 150 mg<\/li>\n<li>Safran Bio : 6,66 mg<\/li>\n<li>\u00dcberzugsmittel : Gem\u00fcsekapsel<\/li>\n<\/ul>\n<p><strong>Hinweise zur Verwendung<\/strong><\/p>\n<p>2 Kapseln morgens zum Fr\u00fchst\u00fcck.<br \/>\nNicht f\u00fcr schwangere und stillende Frauen empfohlen, da Safran vorhanden ist. F\u00fcr sie entwarf Sant\u00e9Safran MATERNIAS<\/p>\n","protected":false},"excerpt":{"rendered":"<p>Franz\u00f6sischer Safran Bio ist ein sehr starkes Gew\u00fcrz mit universeller Heilkraft. <strong>ARTICULATION +<\/strong> kombiniert Safran mit den st\u00e4rksten nat\u00fcrlichen Verbindungen mit gemeinsamer Wirkung, um Gelenke wieder in Ruhe zu bringen.<\/p>\n","protected":false},"featured_media":1446,"comment_status":"open","ping_status":"closed","template":"","meta":{"_kad_post_transparent":"","_kad_post_title":"","_kad_post_layout":"","_kad_post_sidebar_id":"","_kad_post_content_style":"","_kad_post_vertical_padding":"","_kad_post_feature":"","_kad_post_feature_position":"","_kad_post_header":false,"_kad_post_footer":false,"_kad_post_classname":""},"product_brand":[],"product_cat":[119,110],"product_tag":[],"class_list":{"0":"post-1435","1":"product","2":"type-product","3":"status-publish","4":"has-post-thumbnail","6":"product_cat-beweglichkeit-durchblutung","7":"product_cat-kapseln","9":"first","10":"instock","11":"taxable","12":"shipping-taxable","13":"purchasable","14":"product-type-simple","15":"entry","16":"content-bg","17":"loop-entry"},"_links":{"self":[{"href":"https:\/\/test.santesafran.fr\/de\/wp-json\/wp\/v2\/product\/1435","targetHints":{"allow":["GET"]}}],"collection":[{"href":"https:\/\/test.santesafran.fr\/de\/wp-json\/wp\/v2\/product"}],"about":[{"href":"https:\/\/test.santesafran.fr\/de\/wp-json\/wp\/v2\/types\/product"}],"replies":[{"embeddable":true,"href":"https:\/\/test.santesafran.fr\/de\/wp-json\/wp\/v2\/comments?post=1435"}],"wp:featuredmedia":[{"embeddable":true,"href":"https:\/\/test.santesafran.fr\/de\/wp-json\/wp\/v2\/media\/1446"}],"wp:attachment":[{"href":"https:\/\/test.santesafran.fr\/de\/wp-json\/wp\/v2\/media?parent=1435"}],"wp:term":[{"taxonomy":"product_brand","embeddable":true,"href":"https:\/\/test.santesafran.fr\/de\/wp-json\/wp\/v2\/product_brand?post=1435"},{"taxonomy":"product_cat","embeddable":true,"href":"https:\/\/test.santesafran.fr\/de\/wp-json\/wp\/v2\/product_cat?post=1435"},{"taxonomy":"product_tag","embeddable":true,"href":"https:\/\/test.santesafran.fr\/de\/wp-json\/wp\/v2\/product_tag?post=1435"}],"curies":[{"name":"wp","href":"https:\/\/api.w.org\/{rel}","templated":true}]}}