{"id":2898,"date":"2018-09-17T10:30:06","date_gmt":"2018-09-17T08:30:06","guid":{"rendered":"https:\/\/santesafran.fr\/datenschutzerklaerung\/"},"modified":"2018-09-17T10:30:06","modified_gmt":"2018-09-17T08:30:06","slug":"datenschutzerklaerung","status":"publish","type":"page","link":"https:\/\/test.santesafran.fr\/de\/datenschutzerklaerung\/","title":{"rendered":"Datenschutzerkl\u00e4rung"},"content":{"rendered":"<h3>Wer sind wir?<\/h3>\n<p>Die Adresse unserer Website ist: <a href=\"https:\/\/test.santesafran.fr\/de\/\">https:\/\/test.santesafran.fr<\/a>.<\/p>\n<h3>Verwendung der gesammelten personenbezogenen Daten<\/h3>\n<h4>Kommentare<\/h4>\n<p>Wenn Sie einen Kommentar auf unserer Website hinterlassen, werden die Daten, die im Kommentarfeld eingegeben sind, sowie Ihre IP-Adresse und der User-Agent Ihres Browsers gesammelt, um uns bei der Erkennung unerw\u00fcnschter Kommentare (Spam) zu helfen.<\/p>\n<p>Ein anonymisierter Code (Hash), der aus Ihrer E-Mail Adresse erstellt wurde, kann an den Dienst Gravatar gesendet werden, um zu pr\u00fcfen, ob Sie diesen nutzen. Die Datenschutzerkl\u00e4rung von Gravatar ist verf\u00fcgbar unter: <a href=\"https:\/\/automattic.com\/privacy\/\" target=\"_blank\" rel=\"noopener\">https:\/\/automattic.com\/privacy\/<\/a>. Nachdem Ihr Kommentar freigeschaltet wurde, wird Ihr Profilbild \u00f6ffentlich neben Ihrem Kommentar angezeigt.<\/p>\n<h4>Medien<\/h4>\n<p>Wenn Sie ein registrierter Nutzer sind und Bilder auf die Website hochladen, raten wir Ihnen davon ab, Bilder hochzuladen, die EXIF-GPS-Koordinaten enthalten. Besucher Ihrer Website k\u00f6nnen Standortdaten aus diesen Bildern herunterladen und extrahieren.<\/p>\n<h3>Kontaktformulare<\/h3>\n<h3>Cookies<\/h3>\n<p>Wenn Sie einen Kommentar auf unserer Seite hinterlassen, kann Ihnen angeboten werden, Ihren Namen, Ihre E-Mail Adresse und Ihre Webseite in Cookies zu speichern. Dies geschieht ausschlie\u00dflich zu Ihrem Komfort, damit Sie diese Daten nicht erneut eingeben m\u00fcssen, wenn Sie sp\u00e4ter einen weiteren Kommentar hinterlassen. Diese Cookies verfallen nach einem Jahr.<\/p>\n<p>Wenn Sie ein Konto haben und Sie sich auf dieser Seite anmelden, wird ein tempor\u00e4rer Cookie erstellt, um festzustellen, ob Ihr Browser Cookies akzeptiert. Er enth\u00e4lt keine personenbezogenen Daten und wird automatisch gel\u00f6scht, wenn Sie Ihren Browser schlie\u00dfen.<\/p>\n<p>Wenn Sie sich anmelden, werden mehrere Cookies gesetzt, um Ihre Anmeldedaten und Ihre Anzeige-Einstellungen zu speichern. Die Lebensdauer eines Login-Cookies betr\u00e4gt zwei Tage; die eines Bildschirm-Optionen-Cookies betr\u00e4gt ein Jahr. Wenn Sie \u201eAngemeldet bleiben\u201c ausw\u00e4hlen, wird Ihr Login-Cookie zwei Wochen lang behalten. Wenn Sie sich von Ihrem Konto abmelden, wird das Login-Cookie entfernt.<br \/>\nWenn Sie einen Beitrag bearbeiten oder ver\u00f6ffentlichen, wird ein zus\u00e4tzliches Cookie in Ihrem Browser gespeichert. Es enth\u00e4lt keine pers\u00f6nlichen Daten. Es zeigt einfach die ID des Beitrags an, den Sie gerade bearbeitet haben. Es verf\u00e4llt nach einem Tag.<\/p>\n<h3>eingebettete Inhalte von anderen Websites<\/h3>\n<p>Beitr\u00e4ge auf dieser Seite k\u00f6nnen eingebettete Inhalte beinhalten (z. B. Videos, Bilder, Artikel\u2026). Eingebettete Inhalte von anderen Seiten verhalten sich genauso, wie wenn der Besucher diese andere Seite direkt besucht h\u00e4tte.<br \/>\nDiese externen Websites k\u00f6nnten Daten \u00fcber Sie sammeln, Cookies verwenden, zus\u00e4tzliche Tracking-Dienste Dritter einbetten und Ihre Interaktion mit dem eingebetteten Inhalt verfolgen, insbesondere wenn Sie ein Konto haben und bei dem externen Dienst angemeldet sind.<\/p>\n<h3>Analyse &amp; Besucherauswertung<\/h3>\n<h3>Nutzung und \u00dcbermittlung Ihrer pers\u00f6nlichen Daten<\/h3>\n<h3>Speicherfristen f\u00fcr Ihre Daten<\/h3>\n<p>Wenn Sie einen Kommentar hinterlassen, werden der Kommentar und dessen Metadaten dauerhaft gespeichert. Dadurch k\u00f6nnen wir Folgekommentare automatisch erkennen und freigeben, statt sie in die Moderation zu legen.<br \/>\nF\u00fcr Nutzer, die sich auf unserer Seite registrieren (falls m\u00f6glich), speichern wir auch die personenbezogenen Daten, die sie in ihrem Profil angegeben haben. Alle Nutzer k\u00f6nnen ihre pers\u00f6nlichen Daten jederzeit einsehen, \u00e4ndern oder l\u00f6schen (au\u00dfer den Benutzernamen). Die Administratoren der Website k\u00f6nnen diese Informationen ebenfalls sehen und bearbeiten.<\/p>\n<h3>Ihre Rechte in Bezug auf Ihre Daten<\/h3>\n<p>Wenn Sie ein Konto haben oder Kommentare auf der Seite hinterlassen haben, k\u00f6nnen Sie eine Datei anfordern, die alle personenbezogenen Daten enth\u00e4lt, die wir \u00fcber Sie speichern, einschlie\u00dflich der Daten, die Sie selbst bereitgestellt haben. Sie k\u00f6nnen auch die L\u00f6schung aller personenbezogenen Daten, die Sie betreffen, verlangen. Dies schlie\u00dft nicht Daten ein, die aus administrativen, gesetzlichen oder sicherheitsrelevanten Gr\u00fcnden aufbewahrt werden.<\/p>\n<h3>\u00dcbermittlung Ihrer pers\u00f6nlichen Daten<\/h3>\n<p>Kommentare von Besuchern k\u00f6nnen durch einen automatisierten Spam-Erkennungsdienst \u00fcberpr\u00fcft werden.<\/p>\n<h3>Kontaktinformationen<\/h3>\n<p>Sant\u00e9 Safran<br \/>\nChemin des Proies<br \/>\n80160 Fossemanant<br \/>\nFrankreich<br \/>\nKontakt: +33 6 65 21 02 42<\/p>\n<h3>Newsletter<\/h3>\n<p>E-Mail<br \/>\n<strong>ICH ABONNIERE<\/strong><\/p>\n","protected":false},"excerpt":{"rendered":"<p>Wer sind wir? Die Adresse unserer Website ist: https:\/\/test.santesafran.fr. Verwendung der gesammelten personenbezogenen Daten Kommentare Wenn Sie einen Kommentar auf unserer Website hinterlassen, werden die Daten, die im Kommentarfeld eingegeben sind, sowie Ihre IP-Adresse und der User-Agent Ihres Browsers gesammelt, um uns bei der Erkennung unerw\u00fcnschter Kommentare (Spam) zu helfen. Ein anonymisierter Code (Hash), der&#8230;<\/p>\n","protected":false},"author":5,"featured_media":1306,"parent":0,"menu_order":0,"comment_status":"closed","ping_status":"open","template":"","meta":{"_kad_post_transparent":"","_kad_post_title":"","_kad_post_layout":"","_kad_post_sidebar_id":"","_kad_post_content_style":"","_kad_post_vertical_padding":"","_kad_post_feature":"","_kad_post_feature_position":"","_kad_post_header":false,"_kad_post_footer":false,"_kad_post_classname":"","footnotes":""},"class_list":["post-2898","page","type-page","status-publish","has-post-thumbnail","hentry"],"_links":{"self":[{"href":"https:\/\/test.santesafran.fr\/de\/wp-json\/wp\/v2\/pages\/2898","targetHints":{"allow":["GET"]}}],"collection":[{"href":"https:\/\/test.santesafran.fr\/de\/wp-json\/wp\/v2\/pages"}],"about":[{"href":"https:\/\/test.santesafran.fr\/de\/wp-json\/wp\/v2\/types\/page"}],"author":[{"embeddable":true,"href":"https:\/\/test.santesafran.fr\/de\/wp-json\/wp\/v2\/users\/5"}],"replies":[{"embeddable":true,"href":"https:\/\/test.santesafran.fr\/de\/wp-json\/wp\/v2\/comments?post=2898"}],"version-history":[{"count":0,"href":"https:\/\/test.santesafran.fr\/de\/wp-json\/wp\/v2\/pages\/2898\/revisions"}],"wp:featuredmedia":[{"embeddable":true,"href":"https:\/\/test.santesafran.fr\/de\/wp-json\/wp\/v2\/media\/1306"}],"wp:attachment":[{"href":"https:\/\/test.santesafran.fr\/de\/wp-json\/wp\/v2\/media?parent=2898"}],"curies":[{"name":"wp","href":"https:\/\/api.w.org\/{rel}","templated":true}]}}