{"id":2895,"date":"2018-11-13T17:41:38","date_gmt":"2018-11-13T16:41:38","guid":{"rendered":"https:\/\/santesafran.fr\/impressum\/"},"modified":"2018-11-13T17:41:38","modified_gmt":"2018-11-13T16:41:38","slug":"impressum","status":"publish","type":"page","link":"https:\/\/test.santesafran.fr\/de\/impressum\/","title":{"rendered":"Impressum"},"content":{"rendered":"<p>Bitte lesen Sie die verschiedenen Nutzungsbedingungen der Website santesafran.fr sorgf\u00e4ltig, bevor Sie deren Seiten durchbl\u00e4ttern. Durch die Verbindung mit santesafran.fr akzeptieren Sie vorbehaltlos die vorliegenden Bedingungen. Au\u00dferdem sind gem\u00e4\u00df Artikel 6 des Gesetzes Nr. 2004-575 vom 21. Juni 2004 \u00fcber das Vertrauen in die digitale Wirtschaft die Verantwortlichen der Website <strong><a href=\"https:\/\/test.santesafran.fr\/\">www.santesafran.fr<\/a>:<\/strong><\/p>\n<p><strong>Herausgeber der Website:<\/strong><\/p>\n<p>Die Gesellschaft <strong>SIME SARL<\/strong><br \/>\nSIRET-Nummer: 519 676 803 00017<br \/>\nGesch\u00e4ftsf\u00fchrer: Sant\u00e9 Safran<br \/>\nChemin des Proies \u2013 80160 FOSSEMANANT<br \/>\nE-Mail: <a href=\"mailto:info@santesafran.fr\">info@santesafran.fr<\/a><br \/>\nWebsite: <a href=\"https:\/\/test.santesafran.fr\/\">www.santesafran.fr<\/a><\/p>\n<p><strong>Hosting:<\/strong><br \/>\nHoster: <strong>PITANGA<\/strong><br \/>\n10 Place du Mar\u00e9chal Joffre, 80000 Amiens<br \/>\nWebsite: <a href=\"https:\/\/test.santesafran.fr\/\">www.santesafran.fr<\/a><\/p>\n<p><strong>Entwicklung:<\/strong><br \/>\nPITANGA<br \/>\n10 Place du Mar\u00e9chal Joffre, 80000 Amiens<br \/>\nWebsite: <a href=\"https:\/\/test.santesafran.fr\/\">www.santesafran.fr<\/a><\/p>\n<h3>Nutzungsbedingungen<\/h3>\n<p>Die Website <a href=\"https:\/\/test.santesafran.fr\/\">www.santesafran.fr<\/a> wird in verschiedenen Websprachen angeboten, um eine angenehmere Nutzung und ein attraktiveres Design zu erm\u00f6glichen. Wir empfehlen Ihnen, moderne Browser wie Internet Explorer, Safari, Firefox, Google Chrome usw. zu verwenden.<\/p>\n<p>Die Gesellschaft SIME SARL setzt alle ihr zur Verf\u00fcgung stehenden Mittel ein, um zuverl\u00e4ssige Informationen und eine zuverl\u00e4ssige Aktualisierung der Website sicherzustellen. Dennoch k\u00f6nnen Fehler oder Auslassungen auftreten. Der Nutzer muss daher die Richtigkeit der Informationen bei SIME SARL \u00fcberpr\u00fcfen und alle \u00c4nderungen der Website melden, die er f\u00fcr n\u00fctzlich h\u00e4lt. SIME SARL \u00fcbernimmt keinerlei Haftung f\u00fcr die Nutzung dieser Informationen sowie f\u00fcr direkte oder indirekte Sch\u00e4den, die daraus entstehen k\u00f6nnen.<\/p>\n<h3>Cookies<\/h3>\n<p>Die Website <a href=\"https:\/\/test.santesafran.fr\/\">www.santesafran.fr<\/a> kann Sie um die Annahme von Cookies bitten, die zu statistischen Zwecken und zur Anzeige erforderlich sind. Ein Cookie ist eine Datei, die von dem Server der besuchten Website auf Ihrer Festplatte abgelegt wird. Sie enth\u00e4lt mehrere Daten, die in einer einfachen Textdatei gespeichert sind und auf die ein Server zugreifen kann, um Informationen zu lesen oder zu speichern. Bestimmte Teile der Website k\u00f6nnen ohne die Annahme von Cookies nicht funktionieren.<\/p>\n<h3>Hyperlinks<\/h3>\n<p>santesafran.fr kann Links zu anderen Websites oder anderen im Internet verf\u00fcgbaren Ressourcen anbieten. SIME SARL hat keinerlei Kontrolle \u00fcber die mit seiner Website verkn\u00fcpften Seiten. SIME SARL \u00fcbernimmt keine Verantwortung f\u00fcr die Verf\u00fcgbarkeit dieser externen Seiten oder Quellen und gibt keinerlei Garantie. Sie kann nicht f\u00fcr Sch\u00e4den jeglicher Art haftbar gemacht werden, die aus den Inhalten dieser Websites oder externen Quellen resultieren, insbesondere nicht f\u00fcr Informationen, Produkte oder Dienstleistungen, die sie anbieten, oder f\u00fcr deren Nutzung. Die Nutzung erfolgt auf eigenes Risiko des Nutzers, der sich an die jeweiligen Nutzungsbedingungen halten muss.<\/p>\n<p>Nutzer, Abonnenten und Besucher d\u00fcrfen ohne die ausdr\u00fcckliche vorherige Genehmigung von SIME SARL keinen Hyperlink zur Website santesafran.fr einrichten.<\/p>\n<p>Falls ein Nutzer oder Besucher einen Link zu santesafran.fr einrichten m\u00f6chte, muss er eine E-Mail \u00fcber die auf der Website verf\u00fcgbare Adresse senden, um seine Anfrage zu formulieren. SIME SARL beh\u00e4lt sich das Recht vor, die Einrichtung eines Links zu akzeptieren oder abzulehnen, ohne seine Entscheidung begr\u00fcnden zu m\u00fcssen.<\/p>\n<h3>Bereitgestellte Dienstleistungen<\/h3>\n<p>Alle T\u00e4tigkeiten der Gesellschaft sowie ihre Informationen werden auf unserer Website <a href=\"https:\/\/test.santesafran.fr\/\">www.santesafran.fr<\/a> pr\u00e4sentiert.<\/p>\n<p>SIME SARL bem\u00fcht sich, die Informationen auf <a href=\"https:\/\/test.santesafran.fr\/\">www.santesafran.fr<\/a> so genau wie m\u00f6glich bereitzustellen. Die auf der Website enthaltenen Informationen sind jedoch nicht vollst\u00e4ndig und die Fotos sind unverbindlich. Sie k\u00f6nnen seit der Online-Stellung ge\u00e4ndert worden sein. Au\u00dferdem sind alle Informationen auf der Website <a href=\"https:\/\/test.santesafran.fr\/\">www.santesafran.fr<\/a> nur zur Orientierung gedacht und k\u00f6nnen sich jederzeit und ohne Vorank\u00fcndigung \u00e4ndern.<\/p>\n<h3>Vertragliche Einschr\u00e4nkungen der Daten<\/h3>\n<p>Die auf dieser Website enthaltenen Informationen sind so genau wie m\u00f6glich und werden mehrmals im Jahr aktualisiert, k\u00f6nnen jedoch Fehler oder Auslassungen enthalten. Wenn Sie eine L\u00fccke, einen Fehler oder eine scheinbare Fehlfunktion feststellen, melden Sie dies bitte per E-Mail an <a href=\"mailto:info@santesafran.fr\">info@santesafran.fr<\/a> und beschreiben Sie das Problem so genau wie m\u00f6glich (betroffene Seite, Art des Computers und des verwendeten Browsers usw.).<\/p>\n<p>Alle heruntergeladenen Inhalte erfolgen auf eigenes Risiko und in alleiniger Verantwortung des Nutzers. Folglich haftet SIME SARL nicht f\u00fcr Sch\u00e4den am Computer des Nutzers oder f\u00fcr Datenverluste infolge des Downloads. Der Nutzer verpflichtet sich au\u00dferdem, die Website <a href=\"https:\/\/test.santesafran.fr\/\">www.santesafran.fr<\/a> nur mit aktueller, virenfreier Hard- und Software sowie einem modernen, aktualisierten Browser aufzurufen.<\/p>\n<p>Die auf dieser Website eingerichteten Hyperlinks zu anderen Ressourcen im Internet begr\u00fcnden keine Haftung von SIME SARL.<\/p>\n<h3>Geistiges Eigentum<\/h3>\n<p>Der gesamte Inhalt der Website <a href=\"https:\/\/test.santesafran.fr\/\">www.santesafran.fr<\/a>, einschlie\u00dflich, aber nicht beschr\u00e4nkt auf Grafiken, Bilder, Texte, Videos, Animationen, T\u00f6ne, Logos, GIFs und Icons sowie deren Gestaltung, ist das ausschlie\u00dfliche Eigentum von SIME SARL, mit Ausnahme der Marken, Logos oder Inhalte, die Partnern oder anderen Autoren geh\u00f6ren.<\/p>\n<p>Jede Reproduktion, Verteilung, Modifikation, Anpassung, Weitergabe oder Ver\u00f6ffentlichung, auch teilweise, dieser Elemente ist ohne die ausdr\u00fcckliche schriftliche Zustimmung von SIME SARL strengstens untersagt. Jede Darstellung oder Reproduktion, gleich mit welchem Verfahren, stellt eine Verletzung dar, die nach den Artikeln L.335-2 ff. des Gesetzes \u00fcber geistiges Eigentum geahndet wird. Ein Versto\u00df kann die zivil- und strafrechtliche Verantwortung des Verletzers nach sich ziehen. Zudem k\u00f6nnen die Inhaber kopierter Inhalte rechtliche Schritte gegen Sie einleiten.<\/p>\n<h3>Meldung bei der CNIL<\/h3>\n<p>Gem\u00e4\u00df dem Gesetz 78-17 vom 6. Januar 1978 (ge\u00e4ndert durch das Gesetz 2004-801 vom 6. August 2004 \u00fcber den Schutz nat\u00fcrlicher Personen bei der Verarbeitung personenbezogener Daten) wurde die Website <a href=\"https:\/\/test.santesafran.fr\/\">www.santesafran.fr<\/a> unter der Nummer 1656629 bei der franz\u00f6sischen Datenschutzbeh\u00f6rde (Commission nationale de l\u2019informatique et des libert\u00e9s \u2013 <a href=\"http:\/\/www.cnil.fr\/\" target=\"_blank\" rel=\"noopener\">www.cnil.fr<\/a>) angemeldet.<\/p>\n<h3>Streitf\u00e4lle<\/h3>\n<p>Die vorliegenden Bedingungen der Website <a href=\"https:\/\/test.santesafran.fr\/\">www.santesafran.fr<\/a> unterliegen dem franz\u00f6sischen Recht. Jegliche Streitigkeiten, die aus der Auslegung oder Ausf\u00fchrung dieser Bedingungen entstehen, fallen in die ausschlie\u00dfliche Zust\u00e4ndigkeit der Gerichte, in deren Bezirk sich der Sitz der Gesellschaft befindet. Die Referenzsprache f\u00fcr m\u00f6gliche Streitigkeiten ist Franz\u00f6sisch.<\/p>\n<h3>Pers\u00f6nliche Daten<\/h3>\n<p>Im Allgemeinen sind Sie nicht verpflichtet, uns Ihre pers\u00f6nlichen Daten mitzuteilen, wenn Sie unsere Website <a href=\"https:\/\/test.santesafran.fr\/\">www.santesafran.fr<\/a> besuchen.<\/p>\n<p>Es gibt jedoch Ausnahmen. F\u00fcr bestimmte angebotene Dienstleistungen m\u00fcssen Sie m\u00f6glicherweise Daten wie Name, Funktion, Firmenname, E-Mail-Adresse und Telefonnummer angeben. Dies gilt insbesondere, wenn Sie das Online-Kontaktformular ausf\u00fcllen. Bei Bestellungen auf unserer Website m\u00fcssen Sie auch Ihre Bankdaten (Informationen zu Ihrer Kreditkarte oder Ihrem Bankkonto) angeben.<\/p>\n<p>In jedem Fall k\u00f6nnen Sie die Angabe Ihrer pers\u00f6nlichen Daten verweigern. In diesem Fall k\u00f6nnen Sie jedoch bestimmte Dienstleistungen der Website <a href=\"https:\/\/test.santesafran.fr\/\">www.santesafran.fr<\/a> nicht nutzen, insbesondere den Kauf unserer Produkte, die Anforderung von Informationen oder den Erhalt unseres Newsletters.<\/p>\n<p>Dar\u00fcber hinaus k\u00f6nnen wir bei einem blo\u00dfen Besuch unserer Website automatisch bestimmte Informationen erfassen, insbesondere: Daten zur Nutzung unserer Website (besuchte Bereiche, genutzte Dienste), Ihre IP-Adresse, den Typ Ihres Browsers und Ihre Zugriffszeiten.<\/p>\n<p>Diese Informationen werden ausschlie\u00dflich zu internen Statistikzwecken verwendet, um die Qualit\u00e4t der angebotenen Dienstleistungen zu verbessern. Die Datenbanken sind durch die Bestimmungen des Gesetzes vom 1. Juli 1998 gesch\u00fctzt, mit dem die Richtlinie 96\/9 vom 11. M\u00e4rz 1996 \u00fcber den rechtlichen Schutz von Datenbanken umgesetzt wurde.<\/p>\n<p>M\u00f6chtest du, dass ich dir auch eine <strong>k\u00fcrzere, leicht lesbare Version<\/strong> davon f\u00fcr deine Website (z. B. \u201eAGB &amp; Datenschutz\u201c in deutscher Sprache) schreibe, oder soll es wortw\u00f6rtlich und juristisch bleiben?<\/p>\n","protected":false},"excerpt":{"rendered":"<p>Bitte lesen Sie die verschiedenen Nutzungsbedingungen der Website santesafran.fr sorgf\u00e4ltig, bevor Sie deren Seiten durchbl\u00e4ttern. Durch die Verbindung mit santesafran.fr akzeptieren Sie vorbehaltlos die vorliegenden Bedingungen. Au\u00dferdem sind gem\u00e4\u00df Artikel 6 des Gesetzes Nr. 2004-575 vom 21. Juni 2004 \u00fcber das Vertrauen in die digitale Wirtschaft die Verantwortlichen der Website www.santesafran.fr: Herausgeber der Website: Die&#8230;<\/p>\n","protected":false},"author":5,"featured_media":1306,"parent":0,"menu_order":0,"comment_status":"closed","ping_status":"closed","template":"","meta":{"_kad_post_transparent":"","_kad_post_title":"","_kad_post_layout":"","_kad_post_sidebar_id":"","_kad_post_content_style":"","_kad_post_vertical_padding":"","_kad_post_feature":"","_kad_post_feature_position":"","_kad_post_header":false,"_kad_post_footer":false,"_kad_post_classname":"","footnotes":""},"class_list":["post-2895","page","type-page","status-publish","has-post-thumbnail","hentry"],"_links":{"self":[{"href":"https:\/\/test.santesafran.fr\/de\/wp-json\/wp\/v2\/pages\/2895","targetHints":{"allow":["GET"]}}],"collection":[{"href":"https:\/\/test.santesafran.fr\/de\/wp-json\/wp\/v2\/pages"}],"about":[{"href":"https:\/\/test.santesafran.fr\/de\/wp-json\/wp\/v2\/types\/page"}],"author":[{"embeddable":true,"href":"https:\/\/test.santesafran.fr\/de\/wp-json\/wp\/v2\/users\/5"}],"replies":[{"embeddable":true,"href":"https:\/\/test.santesafran.fr\/de\/wp-json\/wp\/v2\/comments?post=2895"}],"version-history":[{"count":0,"href":"https:\/\/test.santesafran.fr\/de\/wp-json\/wp\/v2\/pages\/2895\/revisions"}],"wp:featuredmedia":[{"embeddable":true,"href":"https:\/\/test.santesafran.fr\/de\/wp-json\/wp\/v2\/media\/1306"}],"wp:attachment":[{"href":"https:\/\/test.santesafran.fr\/de\/wp-json\/wp\/v2\/media?parent=2895"}],"curies":[{"name":"wp","href":"https:\/\/api.w.org\/{rel}","templated":true}]}}