{"id":2273,"date":"2025-09-08T02:53:47","date_gmt":"2025-09-08T00:53:47","guid":{"rendered":"https:\/\/santesafran.fr\/ueber-uns\/"},"modified":"2025-09-15T12:19:00","modified_gmt":"2025-09-15T10:19:00","slug":"ueber-uns","status":"publish","type":"page","link":"https:\/\/test.santesafran.fr\/de\/ueber-uns\/","title":{"rendered":"\u00dcber uns"},"content":{"rendered":"<p><iframe title=\"\" src=\"https:\/\/www.youtube.com\/embed\/Nubc09jTW-M\" width=\"670\" height=\"402\" frameborder=\"0\" allowfullscreen=\"allowfullscreen\"><\/iframe><\/p>\n<h2>GESCHICHTE<\/h2>\n<p>Die Geschichte von Sant\u00e9Safran beginnt mit einer Leidenschaft: der Leidenschaft f\u00fcr die Natur, der Leidenschaft f\u00fcr die Landarbeit. Seine Geschichte ist untrennbar mit einem ber\u00fchmten Safran in der Region Hauts de France verbunden.<\/p>\n<ul>\n<li>2014: Gr\u00fcndung der Safrani\u00e8re de Fossemanant: 300000 Zwiebeln auf 1 ha gepflanzt, auf einer Fl\u00e4che von 4,8 ha<\/li>\n<li>2016: Erweiterung der Safrani\u00e8re auf 2,5 ha mit Erwerb der Biozertifizierung, wodurch sie zu einer der gr\u00f6\u00dften Safrani\u00e8res Bio de France wird<\/li>\n<li>2017: Gr\u00fcndung der Marke Sant\u00e9Safran: Produktpalette basierend auf unserer Produktion von Safran.<\/li>\n<\/ul>\n<h3>UNSERE WERTE<\/h3>\n<p><strong><img fetchpriority=\"high\" decoding=\"async\" class=\"size-medium wp-image-1680 alignleft\" src=\"https:\/\/test.santesafran.fr\/wp-content\/uploads\/2019\/01\/AdobeStock_17390622-300x225.jpg\" alt=\"\" width=\"300\" height=\"225\" srcset=\"https:\/\/test.santesafran.fr\/wp-content\/uploads\/2019\/01\/AdobeStock_17390622-300x225.jpg 300w, https:\/\/test.santesafran.fr\/wp-content\/uploads\/2019\/01\/AdobeStock_17390622.jpg 500w, https:\/\/test.santesafran.fr\/wp-content\/uploads\/2019\/01\/AdobeStock_17390622-270x203.jpg 270w, https:\/\/test.santesafran.fr\/wp-content\/uploads\/2019\/01\/AdobeStock_17390622-370x278.jpg 370w\" sizes=\"(max-width: 300px) 100vw, 300px\" \/>Respekt<\/strong><\/p>\n<ul>\n<li>Respekt vor Ihrer k\u00f6rperlichen Unversehrtheit und Ihrer Gesundheit.<\/li>\n<li>Respekt f\u00fcr die Umwelt und die Natur.<\/li>\n<\/ul>\n<p>F\u00fcr Sant\u00e9Safran ist Respekt nicht nur eine Wahl, es ist ein Leitfaden f\u00fcr jedes unserer Handlungen. Ein F\u00fchrer, an den wir uns wie eine Boje in einem rauen Meer klammern.<\/p>\n<p><strong>Exzellenz<\/strong><br \/>\nWir sehen die Dinge anders, wir suchen f\u00fcr Sie das beste Ergebnis und die beste Art und Weise. Exzellenz ist in jeder Phase unseres Herstellungsprozesses ein Wert, weil wir die Bedeutung Ihrer Gesundheit und Ihres Wohlbefindens f\u00fcr Sie verstehen.<\/p>\n<p><strong>Kreativit\u00e4t<\/strong><br \/>\nDie besten Elixiere f\u00fcr Gesundheit und Wohlbefinden sind oft auf der Erde verwurzelt. Sant\u00e9Safran versteht dies und hat es in seinen Reflexions- und Innovationsprozess integriert: Sant\u00e9Safran ist der Vorl\u00e4ufer f\u00fcr die Verwendung reiner organischer Safranstempel als eigenst\u00e4ndige Zutat in einer vollst\u00e4ndigen Rezeptur.<\/p>\n<p><strong>Gro\u00dfz\u00fcgigkeit<\/strong><br \/>\n<\/strong><img decoding=\"async\" class=\"wp-image-1683 size-medium alignright\" src=\"https:\/\/test.santesafran.fr\/wp-content\/uploads\/2019\/01\/AdobeStock_229274091-300x200.jpg\" alt=\"\" width=\"300\" height=\"200\" srcset=\"https:\/\/test.santesafran.fr\/wp-content\/uploads\/2019\/01\/AdobeStock_229274091-300x200.jpg 300w, https:\/\/test.santesafran.fr\/wp-content\/uploads\/2019\/01\/AdobeStock_229274091.jpg 500w, https:\/\/test.santesafran.fr\/wp-content\/uploads\/2019\/01\/AdobeStock_229274091-270x180.jpg 270w, https:\/\/test.santesafran.fr\/wp-content\/uploads\/2019\/01\/AdobeStock_229274091-370x247.jpg 370w\" sizes=\"(max-width: 300px) 100vw, 300px\" \/>Im Gegensatz zu herk\u00f6mmlichen Nahrungserg\u00e4nzungsmitteln verwendet Sant\u00e9Safran reinen Bio-Safran in optimaler Menge mit dem Ziel der Wirksamkeit des Endprodukts. Preis f\u00fcr ein Kilo Safran-Extrakt: 2000 Euro<br \/>\nPreis des Kilos reinen Safrans: 30 000 Euro<br \/>\nSant\u00e9Safran f\u00f6rdert die Wirtschaftlichkeit seiner Produkte.<br \/>\nSant\u00e9Safran hat es geschafft, den exorbitanten Preis von reinem Safran zu ignorieren, um seinen Kunden gro\u00dfz\u00fcgige Dosen in jeder seiner Formeln anzubieten.<\/p>\n<p><strong>Empfindlichkeit gegen\u00fcber der Umwelt<\/strong><br \/>\nWir leben in einer Zeit, in der das Interesse am Schutz der Natur und an der Qualit\u00e4t derer, die wir konsumieren, gepr\u00e4gt ist. Sant\u00e9Safran hat all diese Entwicklungen ber\u00fccksichtigt, um den aktuellen Anforderungen an Wohlbefinden und Gesundheit gerecht zu werden.<br \/>\nTats\u00e4chlich verwenden wir 100% Zutaten aus biologischem Anbau<br \/>\nWir bringen unseren Kunden ein komplettes, gesundes, edles und wirksames Produkt.<\/p>\n<h3>DIE ST\u00c4RKE VON SANTESAFRAN<\/h3>\n<p>Sant\u00e9Safran ist eine Reihe von Nahrungserg\u00e4nzungsmitteln, die zur L\u00f6sung spezifischer Probleme und der allgemeinen Sublimation der Gesundheit des Kunden entwickelt wurden. Dieser Sublimationseffekt ist untrennbar mit der Verwendung reiner Safranstempel und in optimaler Konzentration verbunden. Im Gegensatz zu konkurrierenden Spezialit\u00e4ten, die Safran-Extrakte verwenden.<\/p>\n<p>Tats\u00e4chlich wurde nachgewiesen, dass die Gesamtanlage, die im Gegensatz zu Pflanzenextrakten keiner chemischen Umwandlung unterliegt, eine h\u00f6here Gesamteffizienz aufweist. In der Tat wird dem Pflanzenextrakt, der als Wirkstoff verwendeten Isolierung, die wesentliche Synergie mit den anderen in der Pflanze enthaltenen Prinzipien genommen.<\/p>\n<p>Sant\u00e9Safran hat es geschafft, den exorbitanten Preis f\u00fcr reinen Safran zu ignorieren, um seinen Kunden gro\u00dfz\u00fcgige Dosen in jeder seiner Formeln anzubieten. Dar\u00fcber hinaus verwenden wir nur 100% organische Zutaten. Wir verwenden keine Zusatzstoffe, Chemikalien oder Farbstoffe.<\/p>\n<p><img decoding=\"async\" class=\"alignnone size-full wp-image-962 alignright\" src=\"https:\/\/test.santesafran.fr\/wp-content\/uploads\/2018\/10\/s2.png\" alt=\"\" width=\"245\" height=\"90\" \/><\/p>\n","protected":false},"excerpt":{"rendered":"<p>GESCHICHTE Die Geschichte von Sant\u00e9Safran beginnt mit einer Leidenschaft: der Leidenschaft f\u00fcr die Natur, der Leidenschaft f\u00fcr die Landarbeit. Seine Geschichte ist untrennbar mit einem ber\u00fchmten Safran in der Region Hauts de France verbunden. 2014: Gr\u00fcndung der Safrani\u00e8re de Fossemanant: 300000 Zwiebeln auf 1 ha gepflanzt, auf einer Fl\u00e4che von 4,8 ha 2016: Erweiterung der&#8230;<\/p>\n","protected":false},"author":5,"featured_media":1373,"parent":0,"menu_order":0,"comment_status":"closed","ping_status":"closed","template":"","meta":{"_kad_post_transparent":"","_kad_post_title":"","_kad_post_layout":"","_kad_post_sidebar_id":"","_kad_post_content_style":"","_kad_post_vertical_padding":"","_kad_post_feature":"","_kad_post_feature_position":"","_kad_post_header":false,"_kad_post_footer":false,"_kad_post_classname":"","footnotes":""},"class_list":["post-2273","page","type-page","status-publish","has-post-thumbnail","hentry"],"_links":{"self":[{"href":"https:\/\/test.santesafran.fr\/de\/wp-json\/wp\/v2\/pages\/2273","targetHints":{"allow":["GET"]}}],"collection":[{"href":"https:\/\/test.santesafran.fr\/de\/wp-json\/wp\/v2\/pages"}],"about":[{"href":"https:\/\/test.santesafran.fr\/de\/wp-json\/wp\/v2\/types\/page"}],"author":[{"embeddable":true,"href":"https:\/\/test.santesafran.fr\/de\/wp-json\/wp\/v2\/users\/5"}],"replies":[{"embeddable":true,"href":"https:\/\/test.santesafran.fr\/de\/wp-json\/wp\/v2\/comments?post=2273"}],"version-history":[{"count":0,"href":"https:\/\/test.santesafran.fr\/de\/wp-json\/wp\/v2\/pages\/2273\/revisions"}],"wp:featuredmedia":[{"embeddable":true,"href":"https:\/\/test.santesafran.fr\/de\/wp-json\/wp\/v2\/media\/1373"}],"wp:attachment":[{"href":"https:\/\/test.santesafran.fr\/de\/wp-json\/wp\/v2\/media?parent=2273"}],"curies":[{"name":"wp","href":"https:\/\/api.w.org\/{rel}","templated":true}]}}